{"id":25,"date":"2026-01-20T01:14:22","date_gmt":"2026-01-20T00:14:22","guid":{"rendered":"https:\/\/architect.jaszek.eu\/?page_id=25"},"modified":"2026-01-20T01:28:31","modified_gmt":"2026-01-20T00:28:31","slug":"25-2","status":"publish","type":"page","link":"https:\/\/architect.jaszek.eu\/index.php\/25-2\/","title":{"rendered":""},"content":{"rendered":"<style>#jtg-31 .modula-item .jtg-social a, .lightbox-socials.jtg-social a{ fill: #ffffff; color: #ffffff }#jtg-31 .modula-item .jtg-social-expandable a, #jtg-31 .modula-item .jtg-social-expandable-icons a{ fill: #ffffff; color: #ffffff }#jtg-31 .modula-item .jtg-social svg, .lightbox-socials.jtg-social svg { height: 16px; width: 16px }#jtg-31 .modula-item .jtg-social-expandable svg { height: 16px; width: 16px }#jtg-31 .modula-item .jtg-social-expandable-icons svg { height: 16px; width: 16px }#jtg-31 .modula-item .jtg-social a:not(:last-child), .lightbox-socials.jtg-social a:not(:last-child) { margin-right: 10px }#jtg-31 .modula-item .jtg-social-expandable-icons { gap: 10px }#jtg-31 .modula-item .no-socials{ display:none; }#jtg-31 .modula-item .figc {color:#ffffff;}#jtg-31 .modula-item .figc .jtg-title {  font-size: 24px; }#jtg-31 .modula-item .modula-item-content { transform: scale(1); }#jtg-31 { width:100%;}#jtg-31 .modula-items .figc p.description { font-size:16px; }#jtg-31 .modula-items .figc p.description { color:#ffffff;}#jtg-31 .modula-items .figc .jtg-title { color:#ffffff; }#jtg-31.modula-gallery .modula-item > a, #jtg-31.modula-gallery .modula-item, #jtg-31.modula-gallery .modula-item-content > a:not(.modula-no-follow) { cursor:zoom-in; } #jtg-31.modula-gallery .modula-item-content .modula-no-follow { cursor: default; } #jtg-31.modula-gallery .modula-item, #jtg-31.modula-gallery .modula-grid-sizer { width: calc(33.333333333333% - 6.6666666666667px) ; } @media (min-width: 768px) and (max-width:992px) { html body #jtg-31.modula-gallery .modula-item, html body  #jtg-31.modula-gallery .modula-grid-sizer {width: calc(50% - 5px ) ; } }@media (max-width: 768px) { html body #jtg-31.modula-gallery .modula-item, html body  #jtg-31.modula-gallery .modula-grid-sizer {width: calc(100% - 0px ) ; } }#jtg-31 .modula-items{position:relative;}@media screen and (max-width:480px){#jtg-31 .modula-item .figc .jtg-title {  font-size: 12px; }#jtg-31 .modula-items .figc p.description { color:#ffffff;font-size:10px; }}<\/style>\n<div  id=\"jtg-31\" class=\"modula modula-gallery modula-columns\" data-config=\"{&quot;tabletHeight&quot;:800,&quot;mobileHeight&quot;:800,&quot;desktopHeight&quot;:800,&quot;enableTwitter&quot;:false,&quot;enableWhatsapp&quot;:false,&quot;enableFacebook&quot;:false,&quot;enablePinterest&quot;:false,&quot;enableLinkedin&quot;:false,&quot;enableEmail&quot;:false,&quot;randomFactor&quot;:0.5,&quot;type&quot;:&quot;grid&quot;,&quot;columns&quot;:12,&quot;gutter&quot;:10,&quot;mobileGutter&quot;:10,&quot;tabletGutter&quot;:10,&quot;desktopGutter&quot;:10,&quot;enableResponsive&quot;:true,&quot;tabletColumns&quot;:2,&quot;mobileColumns&quot;:1,&quot;lazyLoad&quot;:0,&quot;lightboxOpts&quot;:{&quot;animated&quot;:true,&quot;Thumbs&quot;:{&quot;type&quot;:&quot;modern&quot;,&quot;showOnStart&quot;:false},&quot;Toolbar&quot;:{&quot;display&quot;:{&quot;right&quot;:[&quot;close&quot;]},&quot;enabled&quot;:true},&quot;Carousel&quot;:{&quot;Panzoom&quot;:{&quot;touch&quot;:false},&quot;infinite&quot;:false},&quot;keyboard&quot;:{&quot;Escape&quot;:&quot;close&quot;,&quot;Delete&quot;:&quot;close&quot;,&quot;Backspace&quot;:&quot;close&quot;,&quot;PageUp&quot;:false,&quot;PageDown&quot;:false,&quot;ArrowUp&quot;:false,&quot;ArrowDown&quot;:false,&quot;ArrowRight&quot;:false,&quot;ArrowLeft&quot;:false},&quot;touch&quot;:false,&quot;backdropClick&quot;:false,&quot;l10n&quot;:{&quot;CLOSE&quot;:&quot;Zamknij&quot;,&quot;NEXT&quot;:&quot;Nast\\u0119pny&quot;,&quot;PREV&quot;:&quot;Poprzedni&quot;,&quot;Error&quot;:&quot;Nie mo\\u017cna wczyta\\u0107 \\u017c\\u0105danej tre\\u015bci. Spr\\u00f3buj ponownie p\\u00f3\\u017aniej.&quot;,&quot;PLAY_START&quot;:&quot;Rozpocznij pokaz slajd\\u00f3w&quot;,&quot;PLAY_STOP&quot;:&quot;Zatrzymaj pokaz slajd\\u00f3w&quot;,&quot;FULL_SCREEN&quot;:&quot;Pe\\u0142ny ekran&quot;,&quot;THUMBS&quot;:&quot;Miniaturki&quot;,&quot;DOWNLOAD&quot;:&quot;Pobieranie&quot;,&quot;SHARE&quot;:&quot;Udost\\u0119pnij&quot;,&quot;ZOOM&quot;:&quot;Powi\\u0119kszenie&quot;,&quot;EMAIL&quot;:&quot;Oto odno\\u015bnik do obrazka: %%image_link%%, a oto odno\\u015bnik do galerii: %%gallery_link%%&quot;,&quot;MODAL&quot;:&quot;Mo\\u017cesz zamkn\\u0105\\u0107 t\\u0119 zawarto\\u015b\\u0107 okna modalnego za pomoc\\u0105 klawisza ESC&quot;,&quot;ERROR&quot;:&quot;Co\\u015b posz\\u0142o nie tak. Spr\\u00f3buj ponownie p\\u00f3\\u017aniej&quot;,&quot;IMAGE_ERROR&quot;:&quot;Nie znaleziono obrazka&quot;,&quot;ELEMENT_NOT_FOUND&quot;:&quot;Nie znaleziono elementu HTML&quot;,&quot;AJAX_NOT_FOUND&quot;:&quot;B\\u0142\\u0105d wczytywania AJAX: Nie znaleziono&quot;,&quot;AJAX_FORBIDDEN&quot;:&quot;B\\u0142\\u0105d wczytywania AJAX: Zabronione&quot;,&quot;IFRAME_ERROR&quot;:&quot;B\\u0142\\u0105d wczytywania strony&quot;,&quot;TOGGLE_ZOOM&quot;:&quot;Prze\\u0142\\u0105cz poziom powi\\u0119kszenia&quot;,&quot;TOGGLE_THUMBS&quot;:&quot;Prze\\u0142\\u0105cz miniaturki&quot;,&quot;TOGGLE_SLIDESHOW&quot;:&quot;Prze\\u0142\\u0105cz pokaz slajd\\u00f3w&quot;,&quot;TOGGLE_FULLSCREEN&quot;:&quot;Prze\\u0142\\u0105cz tryb pe\\u0142noekranowy&quot;},&quot;Images&quot;:{&quot;Panzoom&quot;:{&quot;maxScale&quot;:2}},&quot;mainClass&quot;:&quot;modula-fancybox-container modula-lightbox-jtg-31&quot;,&quot;Html&quot;:{&quot;videoAutoplay&quot;:0,&quot;videoTpl&quot;:&quot;&lt;video class=\\&quot;fancybox__html5video\\&quot; controls muted playsinline controlsList controlsList=\\&quot;nodownload\\&quot; poster=\\&quot;{{poster}}\\&quot; src=\\&quot;{{src}}\\&quot; type=\\&quot;{{format}}\\&quot; &gt;  Sorry, your browser doesn&#039;t support embedded videos, &lt;a href=\\&quot;{{src}}\\&quot;&gt; download &lt;\\\/a&gt; and watch with your favorite video player! &lt;\\\/video&gt;&quot;}},&quot;inView&quot;:false,&quot;email_subject&quot;:&quot;Sprawd\\u017a ten niesamowity obrazek!&quot;,&quot;email_message&quot;:&quot;Oto odno\\u015bnik do obrazka: %%image_link%%, a oto odno\\u015bnik do galerii: %%gallery_link%%&quot;,&quot;grid_type&quot;:&quot;3&quot;,&quot;rowHeight&quot;:250,&quot;lastRow&quot;:&quot;justify&quot;,&quot;lightbox&quot;:&quot;external-url&quot;}\">\n\n\t<div class=\"modula-grid-sizer\"> <\/div>\n\t<div  class=\"modula-items grid-gallery\">\n\t\t<div class=\"modula-item modula-simple-link effect-pufrobo\" >\n\t<div class=\"modula-item-overlay\"><\/div>\n\n\t<div class=\"modula-item-content\">\n\n\t\t\t\t\n\t\t\t\t\t<a data-image-id=\"32\" role=\"button\" tabindex=\"0\" class=\"modula-simple-link\" aria-label=\"Otw\u00f3rz zewn\u0119trzny odno\u015bnik\" href=\"http:\/\/google.com\" class=\"tile-inner modula-item-link\"><\/a>\n\t\t\n\t\t<img loading=\"lazy\" decoding=\"async\" class=\"pic wp-image-32\"  data-valign=\"middle\" data-halign=\"center\" alt=\"\" data-full=\"https:\/\/architect.jaszek.eu\/wp-content\/uploads\/2026\/01\/d2FjPTEwNzZ4MS43ODA_src_158573-eos-m100-lead1-ok.jpg\" title=\"d2FjPTEwNzZ4MS43ODA=_src_158573-eos-m100-lead1-ok\" width=\"300\" height=\"168\" src=\"https:\/\/architect.jaszek.eu\/wp-content\/uploads\/2026\/01\/d2FjPTEwNzZ4MS43ODA_src_158573-eos-m100-lead1-ok-300x168.jpg\" data-src=\"https:\/\/architect.jaszek.eu\/wp-content\/uploads\/2026\/01\/d2FjPTEwNzZ4MS43ODA_src_158573-eos-m100-lead1-ok-300x168.jpg\" data-caption=\"\" srcset=\"https:\/\/architect.jaszek.eu\/wp-content\/uploads\/2026\/01\/d2FjPTEwNzZ4MS43ODA_src_158573-eos-m100-lead1-ok.jpg 1076w, https:\/\/architect.jaszek.eu\/wp-content\/uploads\/2026\/01\/d2FjPTEwNzZ4MS43ODA_src_158573-eos-m100-lead1-ok-300x168.jpg 300w, https:\/\/architect.jaszek.eu\/wp-content\/uploads\/2026\/01\/d2FjPTEwNzZ4MS43ODA_src_158573-eos-m100-lead1-ok-1024x575.jpg 1024w, https:\/\/architect.jaszek.eu\/wp-content\/uploads\/2026\/01\/d2FjPTEwNzZ4MS43ODA_src_158573-eos-m100-lead1-ok-768x431.jpg 768w\" sizes=\"auto, (max-width: 300px) 100vw, 300px\" \/>\n\t\t<div class=\"figc no-description\">\n\t\t\t<div class=\"figc-inner\">\n\t\t\t\t\t\t\t\t\t\t\t\t\t\t\t<\/div>\n\t\t<\/div>\n\n\t<\/div>\n\n<\/div><div class=\"modula-item modula-simple-link effect-pufrobo\" >\n\t<div class=\"modula-item-overlay\"><\/div>\n\n\t<div class=\"modula-item-content\">\n\n\t\t\t\t\n\t\t\t\t\t<a data-image-id=\"33\" role=\"button\" tabindex=\"0\" class=\"modula-simple-link\" aria-label=\"Otw\u00f3rz zewn\u0119trzny odno\u015bnik\" href=\"https:\/\/architect.jaszek.eu\/d2fjptewnzz4ms43oda_src_161369-huawei-p20-fotopolis-lead-ok\/\" class=\"tile-inner modula-item-link\"><\/a>\n\t\t\n\t\t<img loading=\"lazy\" decoding=\"async\" class=\"pic wp-image-33\"  data-valign=\"middle\" data-halign=\"center\" alt=\"\" data-full=\"https:\/\/architect.jaszek.eu\/wp-content\/uploads\/2026\/01\/d2FjPTEwNzZ4MS43ODA_src_161369-huawei-p20-fotopolis-lead-ok.jpg\" title=\"d2FjPTEwNzZ4MS43ODA=_src_161369-huawei-p20-fotopolis-lead-ok\" width=\"300\" height=\"168\" src=\"https:\/\/architect.jaszek.eu\/wp-content\/uploads\/2026\/01\/d2FjPTEwNzZ4MS43ODA_src_161369-huawei-p20-fotopolis-lead-ok-300x168.jpg\" data-src=\"https:\/\/architect.jaszek.eu\/wp-content\/uploads\/2026\/01\/d2FjPTEwNzZ4MS43ODA_src_161369-huawei-p20-fotopolis-lead-ok-300x168.jpg\" data-caption=\"\" srcset=\"https:\/\/architect.jaszek.eu\/wp-content\/uploads\/2026\/01\/d2FjPTEwNzZ4MS43ODA_src_161369-huawei-p20-fotopolis-lead-ok.jpg 1076w, https:\/\/architect.jaszek.eu\/wp-content\/uploads\/2026\/01\/d2FjPTEwNzZ4MS43ODA_src_161369-huawei-p20-fotopolis-lead-ok-300x168.jpg 300w, https:\/\/architect.jaszek.eu\/wp-content\/uploads\/2026\/01\/d2FjPTEwNzZ4MS43ODA_src_161369-huawei-p20-fotopolis-lead-ok-1024x575.jpg 1024w, https:\/\/architect.jaszek.eu\/wp-content\/uploads\/2026\/01\/d2FjPTEwNzZ4MS43ODA_src_161369-huawei-p20-fotopolis-lead-ok-768x431.jpg 768w\" sizes=\"auto, (max-width: 300px) 100vw, 300px\" \/>\n\t\t<div class=\"figc no-description\">\n\t\t\t<div class=\"figc-inner\">\n\t\t\t\t\t\t\t\t\t\t\t\t\t\t\t<\/div>\n\t\t<\/div>\n\n\t<\/div>\n\n<\/div><div class=\"modula-item modula-simple-link effect-pufrobo\" >\n\t<div class=\"modula-item-overlay\"><\/div>\n\n\t<div class=\"modula-item-content\">\n\n\t\t\t\t\n\t\t\t\t\t<a data-image-id=\"34\" role=\"button\" tabindex=\"0\" class=\"modula-simple-link\" aria-label=\"Otw\u00f3rz zewn\u0119trzny odno\u015bnik\" href=\"https:\/\/architect.jaszek.eu\/d2fjptewnzz4ms43oda_src_167456-samyand-zajawka\/\" class=\"tile-inner modula-item-link\"><\/a>\n\t\t\n\t\t<img loading=\"lazy\" decoding=\"async\" class=\"pic wp-image-34\"  data-valign=\"middle\" data-halign=\"center\" alt=\"\" data-full=\"https:\/\/architect.jaszek.eu\/wp-content\/uploads\/2026\/01\/d2FjPTEwNzZ4MS43ODA_src_167456-samyand-zajawka.jpg\" title=\"d2FjPTEwNzZ4MS43ODA=_src_167456-samyand-zajawka\" width=\"300\" height=\"168\" src=\"https:\/\/architect.jaszek.eu\/wp-content\/uploads\/2026\/01\/d2FjPTEwNzZ4MS43ODA_src_167456-samyand-zajawka-300x168.jpg\" data-src=\"https:\/\/architect.jaszek.eu\/wp-content\/uploads\/2026\/01\/d2FjPTEwNzZ4MS43ODA_src_167456-samyand-zajawka-300x168.jpg\" data-caption=\"\" srcset=\"https:\/\/architect.jaszek.eu\/wp-content\/uploads\/2026\/01\/d2FjPTEwNzZ4MS43ODA_src_167456-samyand-zajawka.jpg 1076w, https:\/\/architect.jaszek.eu\/wp-content\/uploads\/2026\/01\/d2FjPTEwNzZ4MS43ODA_src_167456-samyand-zajawka-300x168.jpg 300w, https:\/\/architect.jaszek.eu\/wp-content\/uploads\/2026\/01\/d2FjPTEwNzZ4MS43ODA_src_167456-samyand-zajawka-1024x575.jpg 1024w, https:\/\/architect.jaszek.eu\/wp-content\/uploads\/2026\/01\/d2FjPTEwNzZ4MS43ODA_src_167456-samyand-zajawka-768x431.jpg 768w\" sizes=\"auto, (max-width: 300px) 100vw, 300px\" \/>\n\t\t<div class=\"figc no-description\">\n\t\t\t<div class=\"figc-inner\">\n\t\t\t\t\t\t\t\t\t\t\t\t\t\t\t<\/div>\n\t\t<\/div>\n\n\t<\/div>\n\n<\/div><div class=\"modula-item modula-simple-link effect-pufrobo\" >\n\t<div class=\"modula-item-overlay\"><\/div>\n\n\t<div class=\"modula-item-content\">\n\n\t\t\t\t\n\t\t\t\t\t<a data-image-id=\"35\" role=\"button\" tabindex=\"0\" class=\"modula-simple-link\" aria-label=\"Otw\u00f3rz zewn\u0119trzny odno\u015bnik\" href=\"https:\/\/architect.jaszek.eu\/d2fjptewnzz4ms43oda_src_185646-top\/\" class=\"tile-inner modula-item-link\"><\/a>\n\t\t\n\t\t<img loading=\"lazy\" decoding=\"async\" class=\"pic wp-image-35\"  data-valign=\"middle\" data-halign=\"center\" alt=\"\" data-full=\"https:\/\/architect.jaszek.eu\/wp-content\/uploads\/2026\/01\/d2FjPTEwNzZ4MS43ODA_src_185646-top.jpg\" title=\"d2FjPTEwNzZ4MS43ODA=_src_185646-top\" width=\"300\" height=\"168\" src=\"https:\/\/architect.jaszek.eu\/wp-content\/uploads\/2026\/01\/d2FjPTEwNzZ4MS43ODA_src_185646-top-300x168.jpg\" data-src=\"https:\/\/architect.jaszek.eu\/wp-content\/uploads\/2026\/01\/d2FjPTEwNzZ4MS43ODA_src_185646-top-300x168.jpg\" data-caption=\"\" srcset=\"https:\/\/architect.jaszek.eu\/wp-content\/uploads\/2026\/01\/d2FjPTEwNzZ4MS43ODA_src_185646-top.jpg 1076w, https:\/\/architect.jaszek.eu\/wp-content\/uploads\/2026\/01\/d2FjPTEwNzZ4MS43ODA_src_185646-top-300x168.jpg 300w, https:\/\/architect.jaszek.eu\/wp-content\/uploads\/2026\/01\/d2FjPTEwNzZ4MS43ODA_src_185646-top-1024x575.jpg 1024w, https:\/\/architect.jaszek.eu\/wp-content\/uploads\/2026\/01\/d2FjPTEwNzZ4MS43ODA_src_185646-top-768x431.jpg 768w\" sizes=\"auto, (max-width: 300px) 100vw, 300px\" \/>\n\t\t<div class=\"figc no-description\">\n\t\t\t<div class=\"figc-inner\">\n\t\t\t\t\t\t\t\t\t\t\t\t\t\t\t<\/div>\n\t\t<\/div>\n\n\t<\/div>\n\n<\/div><div class=\"modula-item modula-simple-link effect-pufrobo\" >\n\t<div class=\"modula-item-overlay\"><\/div>\n\n\t<div class=\"modula-item-content\">\n\n\t\t\t\t\n\t\t\t\t\t<a data-image-id=\"36\" role=\"button\" tabindex=\"0\" class=\"modula-simple-link\" aria-label=\"Otw\u00f3rz zewn\u0119trzny odno\u015bnik\" href=\"https:\/\/architect.jaszek.eu\/d2fjptewnzz4ms43oda_src_192860-img_4757_3-top\/\" class=\"tile-inner modula-item-link\"><\/a>\n\t\t\n\t\t<img loading=\"lazy\" decoding=\"async\" class=\"pic wp-image-36\"  data-valign=\"middle\" data-halign=\"center\" alt=\"\" data-full=\"https:\/\/architect.jaszek.eu\/wp-content\/uploads\/2026\/01\/d2FjPTEwNzZ4MS43ODA_src_192860-IMG_4757_3-top.jpg\" title=\"d2FjPTEwNzZ4MS43ODA=_src_192860-IMG_4757_3-top\" width=\"300\" height=\"168\" src=\"https:\/\/architect.jaszek.eu\/wp-content\/uploads\/2026\/01\/d2FjPTEwNzZ4MS43ODA_src_192860-IMG_4757_3-top-300x168.jpg\" data-src=\"https:\/\/architect.jaszek.eu\/wp-content\/uploads\/2026\/01\/d2FjPTEwNzZ4MS43ODA_src_192860-IMG_4757_3-top-300x168.jpg\" data-caption=\"\" srcset=\"https:\/\/architect.jaszek.eu\/wp-content\/uploads\/2026\/01\/d2FjPTEwNzZ4MS43ODA_src_192860-IMG_4757_3-top.jpg 1076w, https:\/\/architect.jaszek.eu\/wp-content\/uploads\/2026\/01\/d2FjPTEwNzZ4MS43ODA_src_192860-IMG_4757_3-top-300x168.jpg 300w, https:\/\/architect.jaszek.eu\/wp-content\/uploads\/2026\/01\/d2FjPTEwNzZ4MS43ODA_src_192860-IMG_4757_3-top-1024x575.jpg 1024w, https:\/\/architect.jaszek.eu\/wp-content\/uploads\/2026\/01\/d2FjPTEwNzZ4MS43ODA_src_192860-IMG_4757_3-top-768x431.jpg 768w\" sizes=\"auto, (max-width: 300px) 100vw, 300px\" \/>\n\t\t<div class=\"figc no-description\">\n\t\t\t<div class=\"figc-inner\">\n\t\t\t\t\t\t\t\t\t\t\t\t\t\t\t<\/div>\n\t\t<\/div>\n\n\t<\/div>\n\n<\/div><div class=\"modula-item modula-simple-link effect-pufrobo\" >\n\t<div class=\"modula-item-overlay\"><\/div>\n\n\t<div class=\"modula-item-content\">\n\n\t\t\t\t\n\t\t\t\t\t<a data-image-id=\"37\" role=\"button\" tabindex=\"0\" class=\"modula-simple-link\" aria-label=\"Otw\u00f3rz zewn\u0119trzny odno\u015bnik\" href=\"https:\/\/architect.jaszek.eu\/d2fjptewnzz4ms43oda_src_199369-nikon_z6-ii-img_6009_1-top\/\" class=\"tile-inner modula-item-link\"><\/a>\n\t\t\n\t\t<img loading=\"lazy\" decoding=\"async\" class=\"pic wp-image-37\"  data-valign=\"middle\" data-halign=\"center\" alt=\"\" data-full=\"https:\/\/architect.jaszek.eu\/wp-content\/uploads\/2026\/01\/d2FjPTEwNzZ4MS43ODA_src_199369-nikon_z6-ii-IMG_6009_1-top.jpg\" title=\"d2FjPTEwNzZ4MS43ODA=_src_199369-nikon_z6-ii-IMG_6009_1-top\" width=\"300\" height=\"168\" src=\"https:\/\/architect.jaszek.eu\/wp-content\/uploads\/2026\/01\/d2FjPTEwNzZ4MS43ODA_src_199369-nikon_z6-ii-IMG_6009_1-top-300x168.jpg\" data-src=\"https:\/\/architect.jaszek.eu\/wp-content\/uploads\/2026\/01\/d2FjPTEwNzZ4MS43ODA_src_199369-nikon_z6-ii-IMG_6009_1-top-300x168.jpg\" data-caption=\"\" srcset=\"https:\/\/architect.jaszek.eu\/wp-content\/uploads\/2026\/01\/d2FjPTEwNzZ4MS43ODA_src_199369-nikon_z6-ii-IMG_6009_1-top.jpg 1076w, https:\/\/architect.jaszek.eu\/wp-content\/uploads\/2026\/01\/d2FjPTEwNzZ4MS43ODA_src_199369-nikon_z6-ii-IMG_6009_1-top-300x168.jpg 300w, https:\/\/architect.jaszek.eu\/wp-content\/uploads\/2026\/01\/d2FjPTEwNzZ4MS43ODA_src_199369-nikon_z6-ii-IMG_6009_1-top-1024x575.jpg 1024w, https:\/\/architect.jaszek.eu\/wp-content\/uploads\/2026\/01\/d2FjPTEwNzZ4MS43ODA_src_199369-nikon_z6-ii-IMG_6009_1-top-768x431.jpg 768w\" sizes=\"auto, (max-width: 300px) 100vw, 300px\" \/>\n\t\t<div class=\"figc no-description\">\n\t\t\t<div class=\"figc-inner\">\n\t\t\t\t\t\t\t\t\t\t\t\t\t\t\t<\/div>\n\t\t<\/div>\n\n\t<\/div>\n\n<\/div><div class=\"modula-item modula-simple-link effect-pufrobo\" >\n\t<div class=\"modula-item-overlay\"><\/div>\n\n\t<div class=\"modula-item-content\">\n\n\t\t\t\t\n\t\t\t\t\t<a data-image-id=\"38\" role=\"button\" tabindex=\"0\" class=\"modula-simple-link\" aria-label=\"Otw\u00f3rz zewn\u0119trzny odno\u015bnik\" href=\"https:\/\/architect.jaszek.eu\/d2fjptewnzz4ms43oda_src_212909-top1\/\" class=\"tile-inner modula-item-link\"><\/a>\n\t\t\n\t\t<img loading=\"lazy\" decoding=\"async\" class=\"pic wp-image-38\"  data-valign=\"middle\" data-halign=\"center\" alt=\"\" data-full=\"https:\/\/architect.jaszek.eu\/wp-content\/uploads\/2026\/01\/d2FjPTEwNzZ4MS43ODA_src_212909-top1.jpg\" title=\"d2FjPTEwNzZ4MS43ODA=_src_212909-top1\" width=\"300\" height=\"168\" src=\"https:\/\/architect.jaszek.eu\/wp-content\/uploads\/2026\/01\/d2FjPTEwNzZ4MS43ODA_src_212909-top1-300x168.jpg\" data-src=\"https:\/\/architect.jaszek.eu\/wp-content\/uploads\/2026\/01\/d2FjPTEwNzZ4MS43ODA_src_212909-top1-300x168.jpg\" data-caption=\"\" srcset=\"https:\/\/architect.jaszek.eu\/wp-content\/uploads\/2026\/01\/d2FjPTEwNzZ4MS43ODA_src_212909-top1.jpg 1076w, https:\/\/architect.jaszek.eu\/wp-content\/uploads\/2026\/01\/d2FjPTEwNzZ4MS43ODA_src_212909-top1-300x168.jpg 300w, https:\/\/architect.jaszek.eu\/wp-content\/uploads\/2026\/01\/d2FjPTEwNzZ4MS43ODA_src_212909-top1-1024x575.jpg 1024w, https:\/\/architect.jaszek.eu\/wp-content\/uploads\/2026\/01\/d2FjPTEwNzZ4MS43ODA_src_212909-top1-768x431.jpg 768w\" sizes=\"auto, (max-width: 300px) 100vw, 300px\" \/>\n\t\t<div class=\"figc no-description\">\n\t\t\t<div class=\"figc-inner\">\n\t\t\t\t\t\t\t\t\t\t\t\t\t\t\t<\/div>\n\t\t<\/div>\n\n\t<\/div>\n\n<\/div>\t\t\n\t<\/div>\n\n\t\n\t\n\t<script type=\"application\/ld+json\">\n\t{\n\t\t\"@context\": \"http:\/\/schema.org\",\n\t\t\"@type\"   : \"ImageGallery\",\n\t\t\"id\"      : \"https:\/\/architect.jaszek.eu\/index.php\/25-2\/\",\n\t\t\"url\"     : \"https:\/\/architect.jaszek.eu\/index.php\/25-2\/\"\n\t}\n\n\t<\/script>\n\n\t\n<\/div>\n\n","protected":false},"excerpt":{"rendered":"","protected":false},"author":1,"featured_media":0,"parent":0,"menu_order":0,"comment_status":"closed","ping_status":"closed","template":"","meta":{"footnotes":""},"class_list":["post-25","page","type-page","status-publish","hentry"],"_links":{"self":[{"href":"https:\/\/architect.jaszek.eu\/index.php\/wp-json\/wp\/v2\/pages\/25","targetHints":{"allow":["GET"]}}],"collection":[{"href":"https:\/\/architect.jaszek.eu\/index.php\/wp-json\/wp\/v2\/pages"}],"about":[{"href":"https:\/\/architect.jaszek.eu\/index.php\/wp-json\/wp\/v2\/types\/page"}],"author":[{"embeddable":true,"href":"https:\/\/architect.jaszek.eu\/index.php\/wp-json\/wp\/v2\/users\/1"}],"replies":[{"embeddable":true,"href":"https:\/\/architect.jaszek.eu\/index.php\/wp-json\/wp\/v2\/comments?post=25"}],"version-history":[{"count":2,"href":"https:\/\/architect.jaszek.eu\/index.php\/wp-json\/wp\/v2\/pages\/25\/revisions"}],"predecessor-version":[{"id":39,"href":"https:\/\/architect.jaszek.eu\/index.php\/wp-json\/wp\/v2\/pages\/25\/revisions\/39"}],"wp:attachment":[{"href":"https:\/\/architect.jaszek.eu\/index.php\/wp-json\/wp\/v2\/media?parent=25"}],"curies":[{"name":"wp","href":"https:\/\/api.w.org\/{rel}","templated":true}]}}